{"id":9,"date":"2025-12-26T14:39:02","date_gmt":"2025-12-26T14:39:02","guid":{"rendered":"https:\/\/projetos.marcusmatheus.com.br\/dreamfit\/minha-conta\/"},"modified":"2026-01-06T14:54:08","modified_gmt":"2026-01-06T14:54:08","slug":"minha-conta","status":"publish","type":"page","link":"https:\/\/projetos.marcusmatheus.com.br\/dreamfit\/minha-conta\/","title":{"rendered":"Minha conta"},"content":{"rendered":"\t\t<div data-elementor-type=\"wp-page\" data-elementor-id=\"9\" class=\"elementor elementor-9\" data-elementor-post-type=\"page\">\n\t\t\t\t<div class=\"elementor-element elementor-element-53b0f9f9 e-flex e-con-boxed e-con e-parent\" data-id=\"53b0f9f9\" data-element_type=\"container\" data-e-type=\"container\">\n\t\t\t\t\t<div class=\"e-con-inner\">\n\t\t\t\t<div class=\"elementor-element elementor-element-ac70665 elementor-widget elementor-widget-heading\" data-id=\"ac70665\" data-element_type=\"widget\" data-e-type=\"widget\" data-widget_type=\"heading.default\">\n\t\t\t\t\t<h1 class=\"elementor-heading-title elementor-size-default\">Minha Conta<\/h1>\t\t\t\t<\/div>\n\t\t\t\t<div class=\"elementor-element elementor-element-9b12c54 e-my-account-tabs-vertical elementor-widget elementor-widget-woocommerce-my-account\" data-id=\"9b12c54\" data-element_type=\"widget\" data-e-type=\"widget\" data-settings=\"{&quot;tables_button_hover_animation&quot;:&quot;grow&quot;}\" data-widget_type=\"woocommerce-my-account.default\">\n\t\t\t\t\t<div class=\"e-my-account-tab e-my-account-tab__ \">\t\t\t<div class=\"woocommerce\"><\/div>\t\t<\/div>\n\t\t\t\t\t\t<\/div>\n\t\t\t\t\t<\/div>\n\t\t\t\t<\/div>\n\t\t\t\t<\/div>\n\t\t","protected":false},"excerpt":{"rendered":"<p>Minha Conta Painel de Controle Pedidos Downloads Endere\u00e7os Detalhes da conta Wishlist Sair Ol\u00e1, dreamfit (n\u00e3o \u00e9 dreamfit? Sair) A partir do painel de controle de sua conta, voc\u00ea pode ver suas compras recentes, gerenciar seus endere\u00e7os de entrega e cobran\u00e7a, e editar sua senha e detalhes da conta.<\/p>\n","protected":false},"author":1,"featured_media":0,"parent":0,"menu_order":0,"comment_status":"closed","ping_status":"closed","template":"","meta":{"footnotes":""},"class_list":["post-9","page","type-page","status-publish","hentry"],"_hostinger_reach_plugin_has_subscription_block":false,"_hostinger_reach_plugin_is_elementor":false,"_links":{"self":[{"href":"https:\/\/projetos.marcusmatheus.com.br\/dreamfit\/wp-json\/wp\/v2\/pages\/9","targetHints":{"allow":["GET"]}}],"collection":[{"href":"https:\/\/projetos.marcusmatheus.com.br\/dreamfit\/wp-json\/wp\/v2\/pages"}],"about":[{"href":"https:\/\/projetos.marcusmatheus.com.br\/dreamfit\/wp-json\/wp\/v2\/types\/page"}],"author":[{"embeddable":true,"href":"https:\/\/projetos.marcusmatheus.com.br\/dreamfit\/wp-json\/wp\/v2\/users\/1"}],"replies":[{"embeddable":true,"href":"https:\/\/projetos.marcusmatheus.com.br\/dreamfit\/wp-json\/wp\/v2\/comments?post=9"}],"version-history":[{"count":39,"href":"https:\/\/projetos.marcusmatheus.com.br\/dreamfit\/wp-json\/wp\/v2\/pages\/9\/revisions"}],"predecessor-version":[{"id":1155,"href":"https:\/\/projetos.marcusmatheus.com.br\/dreamfit\/wp-json\/wp\/v2\/pages\/9\/revisions\/1155"}],"wp:attachment":[{"href":"https:\/\/projetos.marcusmatheus.com.br\/dreamfit\/wp-json\/wp\/v2\/media?parent=9"}],"curies":[{"name":"wp","href":"https:\/\/api.w.org\/{rel}","templated":true}]}}