{"id":13,"date":"2025-12-27T18:53:49","date_gmt":"2025-12-27T18:53:49","guid":{"rendered":"https:\/\/projetos.marcusmatheus.com.br\/dreamfit\/?page_id=13"},"modified":"2026-03-15T14:43:39","modified_gmt":"2026-03-15T17:43:39","slug":"home","status":"publish","type":"page","link":"https:\/\/projetos.marcusmatheus.com.br\/dreamfit\/","title":{"rendered":"Home"},"content":{"rendered":"\t\t<div data-elementor-type=\"wp-page\" data-elementor-id=\"13\" class=\"elementor elementor-13\" data-elementor-post-type=\"page\">\n\t\t\t\t<div class=\"elementor-element elementor-element-21a0144 e-flex e-con-boxed e-con e-parent\" data-id=\"21a0144\" data-element_type=\"container\" data-e-type=\"container\" data-settings=\"{&quot;background_background&quot;:&quot;video&quot;,&quot;background_video_link&quot;:&quot;https:\\\/\\\/projetos.marcusmatheus.com.br\\\/dreamfit\\\/wp-content\\\/uploads\\\/2026\\\/03\\\/Video-Hero-Dream-Fit.mp4&quot;,&quot;background_video_start&quot;:0,&quot;background_play_on_mobile&quot;:&quot;yes&quot;}\">\n\t\t\t\t\t<div class=\"e-con-inner\">\n\t\t<div class=\"elementor-background-video-container\">\n\t\t\t\t\t\t\t<video class=\"elementor-background-video-hosted\" role=\"presentation\" autoplay muted playsinline loop><\/video>\n\t\t\t\t\t<\/div><div class=\"elementor-element elementor-element-bde7bbe e-con-full e-flex e-con e-child\" data-id=\"bde7bbe\" data-element_type=\"container\" data-e-type=\"container\">\n\t\t\t\t<div class=\"elementor-element elementor-element-7a778b5 elementor-widget__width-initial elementor-widget-laptop__width-initial elementor-invisible elementor-widget elementor-widget-heading\" data-id=\"7a778b5\" data-element_type=\"widget\" data-e-type=\"widget\" data-settings=\"{&quot;_animation&quot;:&quot;fadeInLeft&quot;,&quot;_animation_delay&quot;:200}\" data-widget_type=\"heading.default\">\n\t\t\t\t\t<h2 class=\"elementor-heading-title elementor-size-default\"><span class=\"gradientTitle\">Conforto<\/span> e <span class=\"gradientTitle\">estilo<\/span><\/h2>\t\t\t\t<\/div>\n\t\t\t\t<div class=\"elementor-element elementor-element-ab6c7cc elementor-widget__width-initial elementor-widget-laptop__width-initial elementor-invisible elementor-widget elementor-widget-heading\" data-id=\"ab6c7cc\" data-element_type=\"widget\" data-e-type=\"widget\" data-settings=\"{&quot;_animation&quot;:&quot;fadeInLeft&quot;,&quot;_animation_delay&quot;:1000}\" data-widget_type=\"heading.default\">\n\t\t\t\t\t<h2 class=\"elementor-heading-title elementor-size-default\">estilo em cada<\/h2>\t\t\t\t<\/div>\n\t\t\t\t<div class=\"elementor-element elementor-element-8ebd249 elementor-widget__width-initial elementor-invisible elementor-widget elementor-widget-heading\" data-id=\"8ebd249\" data-element_type=\"widget\" data-e-type=\"widget\" data-settings=\"{&quot;_animation&quot;:&quot;fadeInLeft&quot;,&quot;_animation_delay&quot;:2000}\" data-widget_type=\"heading.default\">\n\t\t\t\t\t<h2 class=\"elementor-heading-title elementor-size-default\">movimento<\/h2>\t\t\t\t<\/div>\n\t\t\t\t<div class=\"elementor-element elementor-element-58e889f elementor-widget__width-initial elementor-invisible elementor-widget elementor-widget-heading\" data-id=\"58e889f\" data-element_type=\"widget\" data-e-type=\"widget\" data-settings=\"{&quot;_animation&quot;:&quot;fadeInLeft&quot;,&quot;_animation_delay&quot;:3000}\" data-widget_type=\"heading.default\">\n\t\t\t\t\t<h2 class=\"elementor-heading-title elementor-size-default\"><span class=\"gradientTitle\">Looks fitness<\/span> modernos, confort\u00e1veis e vers\u00e1teis para quem vive em movimento.<\/h2>\t\t\t\t<\/div>\n\t\t\t\t<div class=\"elementor-element elementor-element-d36a039 elementor-widget__width-inherit elementor-invisible elementor-widget elementor-widget-button\" data-id=\"d36a039\" data-element_type=\"widget\" data-e-type=\"widget\" data-settings=\"{&quot;_animation&quot;:&quot;fadeInUp&quot;,&quot;_animation_delay&quot;:4000}\" data-widget_type=\"button.default\">\n\t\t\t\t\t\t\t\t\t\t<a class=\"elementor-button elementor-button-link elementor-size-sm elementor-animation-grow\" href=\"https:\/\/projetos.marcusmatheus.com.br\/dreamfit\/colecao\/\">\n\t\t\t\t\t\t<span class=\"elementor-button-content-wrapper\">\n\t\t\t\t\t\t\t\t\t<span class=\"elementor-button-text\">VER COLE\u00c7\u00c3O<\/span>\n\t\t\t\t\t<\/span>\n\t\t\t\t\t<\/a>\n\t\t\t\t\t\t\t\t<\/div>\n\t\t\t\t<\/div>\n\t\t\t\t\t<\/div>\n\t\t\t\t<\/div>\n\t\t<div class=\"elementor-element elementor-element-7624ff5 e-con-full e-flex e-con e-parent\" data-id=\"7624ff5\" data-element_type=\"container\" data-e-type=\"container\">\n\t\t\t\t<div class=\"elementor-element elementor-element-e629bd6 elementor-widget__width-inherit elementor-widget elementor-widget-image-carousel\" data-id=\"e629bd6\" data-element_type=\"widget\" data-e-type=\"widget\" data-settings=\"{&quot;slides_to_show&quot;:&quot;1&quot;,&quot;navigation&quot;:&quot;none&quot;,&quot;speed&quot;:25000,&quot;autoplay&quot;:&quot;yes&quot;,&quot;infinite&quot;:&quot;yes&quot;,&quot;effect&quot;:&quot;slide&quot;}\" data-widget_type=\"image-carousel.default\">\n\t\t\t\t\t\t\t<div class=\"elementor-image-carousel-wrapper swiper\" role=\"region\" aria-roledescription=\"carousel\" aria-label=\"Carrossel de imagens\" dir=\"rtl\">\n\t\t\t<div class=\"elementor-image-carousel swiper-wrapper\" aria-live=\"off\">\n\t\t\t\t\t\t\t\t<div class=\"swiper-slide\" role=\"group\" aria-roledescription=\"slide\" aria-label=\"1 de 2\"><figure class=\"swiper-slide-inner\"><img decoding=\"async\" class=\"swiper-slide-image\" src=\"https:\/\/projetos.marcusmatheus.com.br\/dreamfit\/wp-content\/uploads\/2026\/01\/Ofertas-Dream-Fit-1.png\" alt=\"Ofertas Dream Fit\" \/><\/figure><\/div><div class=\"swiper-slide\" role=\"group\" aria-roledescription=\"slide\" aria-label=\"2 de 2\"><figure class=\"swiper-slide-inner\"><img decoding=\"async\" class=\"swiper-slide-image\" src=\"https:\/\/projetos.marcusmatheus.com.br\/dreamfit\/wp-content\/uploads\/2026\/01\/Ofertas-Dream-Fit.png\" alt=\"Ofertas Dream Fit\" \/><\/figure><\/div>\t\t\t<\/div>\n\t\t\t\t\t\t\t\n\t\t\t\t\t\t\t\t\t<\/div>\n\t\t\t\t\t\t<\/div>\n\t\t\t\t<div class=\"elementor-element elementor-element-2425f35 elementor-align-center elementor-widget__width-inherit elementor-widget elementor-widget-shopengine-product-category-lists\" data-id=\"2425f35\" data-element_type=\"widget\" data-e-type=\"widget\" data-widget_type=\"shopengine-product-category-lists.default\">\n\t\t\t\t\t<div class=\"shopengine shopengine-widget\"><\/div>\t\t\t\t<\/div>\n\t\t\t\t<\/div>\n\t\t<div class=\"elementor-element elementor-element-f6064fd e-con-full e-flex e-con e-parent\" data-id=\"f6064fd\" data-element_type=\"container\" data-e-type=\"container\">\n\t\t\t\t<div class=\"elementor-element elementor-element-4a7103e elementor-widget__width-initial elementor-invisible elementor-widget elementor-widget-heading\" data-id=\"4a7103e\" data-element_type=\"widget\" data-e-type=\"widget\" data-settings=\"{&quot;_animation&quot;:&quot;fadeInLeft&quot;}\" data-widget_type=\"heading.default\">\n\t\t\t\t\t<h2 class=\"elementor-heading-title elementor-size-default\">Novidades<\/h2>\t\t\t\t<\/div>\n\t\t\t\t<div class=\"elementor-element elementor-element-d951339 elementor-widget elementor-widget-shopengine-product-list\" data-id=\"d951339\" data-element_type=\"widget\" data-e-type=\"widget\" data-settings=\"{&quot;show_product_hover_overlay&quot;:&quot;yes&quot;,&quot;product_hover_overlay_position&quot;:&quot;bottom&quot;}\" data-widget_type=\"shopengine-product-list.default\">\n\t\t\t\t\t<div class=\"shopengine shopengine-widget\"><\/div>\t\t\t\t<\/div>\n\t\t\t\t<\/div>\n\t\t<div class=\"elementor-element elementor-element-afcb66a e-con-full e-flex e-con e-parent\" data-id=\"afcb66a\" data-element_type=\"container\" data-e-type=\"container\">\n\t\t\t\t<div class=\"elementor-element elementor-element-05e5c1e elementor-widget__width-initial elementor-invisible elementor-widget elementor-widget-heading\" data-id=\"05e5c1e\" data-element_type=\"widget\" data-e-type=\"widget\" data-settings=\"{&quot;_animation&quot;:&quot;fadeInLeft&quot;}\" data-widget_type=\"heading.default\">\n\t\t\t\t\t<h2 class=\"elementor-heading-title elementor-size-default\">Mais Amados<\/h2>\t\t\t\t<\/div>\n\t\t\t\t<div class=\"elementor-element elementor-element-f16a02b elementor-widget elementor-widget-shopengine-product-list\" data-id=\"f16a02b\" data-element_type=\"widget\" data-e-type=\"widget\" data-settings=\"{&quot;show_product_hover_overlay&quot;:&quot;yes&quot;,&quot;product_hover_overlay_position&quot;:&quot;bottom&quot;}\" data-widget_type=\"shopengine-product-list.default\">\n\t\t\t\t\t<div class=\"shopengine shopengine-widget\"><\/div>\t\t\t\t<\/div>\n\t\t\t\t<\/div>\n\t\t\t\t<\/div>\n\t\t","protected":false},"excerpt":{"rendered":"<p>Conforto e estilo estilo em cada movimento Looks fitness modernos, confort\u00e1veis e vers\u00e1teis para quem vive em movimento. VER COLE\u00c7\u00c3O Macac\u00e3o Jaqueta Conjunto Blusa Acess\u00f3rios Novidades Ver op\u00e7\u00f5es Este produto tem v\u00e1rias variantes. As op\u00e7\u00f5es podem ser escolhidas na p\u00e1gina do produto Blusa Blusa Fitness Manga Curta Avalia\u00e7\u00e3o 5.00 de 5(1) &#82;&#36;60.00 &ndash; &#82;&#36;80.00Price range: [&hellip;]<\/p>\n","protected":false},"author":1,"featured_media":0,"parent":0,"menu_order":0,"comment_status":"closed","ping_status":"closed","template":"","meta":{"footnotes":""},"class_list":["post-13","page","type-page","status-publish","hentry"],"_hostinger_reach_plugin_has_subscription_block":false,"_hostinger_reach_plugin_is_elementor":false,"_links":{"self":[{"href":"https:\/\/projetos.marcusmatheus.com.br\/dreamfit\/wp-json\/wp\/v2\/pages\/13","targetHints":{"allow":["GET"]}}],"collection":[{"href":"https:\/\/projetos.marcusmatheus.com.br\/dreamfit\/wp-json\/wp\/v2\/pages"}],"about":[{"href":"https:\/\/projetos.marcusmatheus.com.br\/dreamfit\/wp-json\/wp\/v2\/types\/page"}],"author":[{"embeddable":true,"href":"https:\/\/projetos.marcusmatheus.com.br\/dreamfit\/wp-json\/wp\/v2\/users\/1"}],"replies":[{"embeddable":true,"href":"https:\/\/projetos.marcusmatheus.com.br\/dreamfit\/wp-json\/wp\/v2\/comments?post=13"}],"version-history":[{"count":470,"href":"https:\/\/projetos.marcusmatheus.com.br\/dreamfit\/wp-json\/wp\/v2\/pages\/13\/revisions"}],"predecessor-version":[{"id":1433,"href":"https:\/\/projetos.marcusmatheus.com.br\/dreamfit\/wp-json\/wp\/v2\/pages\/13\/revisions\/1433"}],"wp:attachment":[{"href":"https:\/\/projetos.marcusmatheus.com.br\/dreamfit\/wp-json\/wp\/v2\/media?parent=13"}],"curies":[{"name":"wp","href":"https:\/\/api.w.org\/{rel}","templated":true}]}}